{"id":1173,"date":"2021-07-22T08:52:19","date_gmt":"2021-07-22T06:52:19","guid":{"rendered":"http:\/\/www.sah-krsko.si\/?page_id=1173"},"modified":"2021-07-22T08:52:20","modified_gmt":"2021-07-22T06:52:20","slug":"klubske-selekcije","status":"publish","type":"page","link":"https:\/\/www.sah-krsko.si\/index.php\/klubske-selekcije\/","title":{"rendered":"Klubske selekcije"},"content":{"rendered":"\n<p>V tem razdelku predstavljamo sestavo na\u0161ih ekip, ki nastopajo v uradnem liga\u0161kem tekmovalnem sistemu \u0160ahovske zveze Slovenije.<\/p>\n\n\n\n<h3 class=\"wp-block-heading\"><strong><em>\u010clanska selekcija<\/em><\/strong><\/h3>\n\n\n\n<ul class=\"wp-block-list\"><li>Predrag Nikoli\u010d GM (CRO)<\/li><li>Goran Dizdar GM (CRO)<\/li><li>Bla\u017eimir Kova\u010devi\u010d GM (CRO)<\/li><li>Samo \u0160tajner FM<\/li><li>Miljenko Muha FM (CRO)<\/li><li>Dinko Brumen IM (CRO)<\/li><li>Toni Kos IM<\/li><li>Peter Urban\u010d FM<\/li><li>Jan Gomba\u010d FM<\/li><li>Igor \u0160itnik M<\/li><li>Gorazd Novak MK<\/li><li>Matej Po\u017eun MK<\/li><\/ul>\n\n\n\n<h3 class=\"wp-block-heading\"><strong><em>Selekcija \u010dlanic<\/em><\/strong><\/h3>\n\n\n\n<ul class=\"wp-block-list\"><li>Anna Muzychuk GM (UA)<\/li><li>Mariya Muzychuk GM (UA)<\/li><li>Jana Krivec wGM<\/li><li>Larisa Kuhar wFM<\/li><li>Pia Marie Ru\u017ei\u010d wMK<\/li><li>Nata\u0161a Bu\u010dar wMK<\/li><li>Mirela Ahmatovi\u010d wMK<\/li><\/ul>\n\n\n\n<h3 class=\"wp-block-heading\"><strong><em>Mladinska selekcija<\/em><\/strong><\/h3>\n\n\n\n<ul class=\"wp-block-list\"><li>Filip Radej<\/li><li>Bruno Glas<\/li><li>Borut Jan Ru\u017ei\u010d<\/li><li>Kristjan Kodri\u010d Plevnik<\/li><li>Nik A\u0161i\u010d<\/li><li>An\u017ee Dani\u010di\u010d<\/li><li>Alen Keber<\/li><\/ul>\n\n\n\n<h3 class=\"wp-block-heading\"><strong><em>Selekcija mladink<\/em><\/strong><\/h3>\n\n\n\n<ul class=\"wp-block-list\"><li>Ana Urban\u010d<\/li><li>Tina Urban\u010d<\/li><li>Pika Radej<\/li><li>Taja Guid<\/li><li>Magdalena Muha (CRO) <\/li><\/ul>\n\n\n\n<p>Nastopamo tudi v <strong>2.<\/strong> in <strong>3. \u010dlanski ligi<\/strong>, kjer so ekipe sestavljene iz preostalih doma\u010dih \u010dlanov ter \u010dlanov mladinskih selekcij, da se lahko kalijo tudi v \u010dlanski konkurenci. Celotni seznam \u010dlanov na\u0161ega kluba si lahko ogledate na <a href=\"https:\/\/www.sah-zveza.si\/klubi\/64\/sk-triglav-krsko\">uradnih straneh \u0160ZS<\/a>.<\/p>\n","protected":false},"excerpt":{"rendered":"<p>V tem razdelku predstavljamo sestavo na\u0161ih ekip, ki nastopajo v uradnem liga\u0161kem tekmovalnem sistemu \u0160ahovske zveze Slovenije. \u010clanska selekcija Predrag Nikoli\u010d GM (CRO) Goran Dizdar GM (CRO) Bla\u017eimir Kova\u010devi\u010d GM (CRO) Samo \u0160tajner FM Miljenko Muha FM (CRO) Dinko Brumen IM (CRO) Toni Kos IM Peter Urban\u010d FM Jan Gomba\u010d&#8230;<\/p>\n","protected":false},"author":1,"featured_media":0,"parent":0,"menu_order":0,"comment_status":"closed","ping_status":"closed","template":"","meta":{"footnotes":""},"class_list":["post-1173","page","type-page","status-publish","hentry"],"aioseo_notices":[],"_links":{"self":[{"href":"https:\/\/www.sah-krsko.si\/index.php\/wp-json\/wp\/v2\/pages\/1173","targetHints":{"allow":["GET"]}}],"collection":[{"href":"https:\/\/www.sah-krsko.si\/index.php\/wp-json\/wp\/v2\/pages"}],"about":[{"href":"https:\/\/www.sah-krsko.si\/index.php\/wp-json\/wp\/v2\/types\/page"}],"author":[{"embeddable":true,"href":"https:\/\/www.sah-krsko.si\/index.php\/wp-json\/wp\/v2\/users\/1"}],"replies":[{"embeddable":true,"href":"https:\/\/www.sah-krsko.si\/index.php\/wp-json\/wp\/v2\/comments?post=1173"}],"version-history":[{"count":3,"href":"https:\/\/www.sah-krsko.si\/index.php\/wp-json\/wp\/v2\/pages\/1173\/revisions"}],"predecessor-version":[{"id":1176,"href":"https:\/\/www.sah-krsko.si\/index.php\/wp-json\/wp\/v2\/pages\/1173\/revisions\/1176"}],"wp:attachment":[{"href":"https:\/\/www.sah-krsko.si\/index.php\/wp-json\/wp\/v2\/media?parent=1173"}],"curies":[{"name":"wp","href":"https:\/\/api.w.org\/{rel}","templated":true}]}}