{"id":1157,"date":"2021-07-22T09:46:47","date_gmt":"2021-07-22T07:46:47","guid":{"rendered":"http:\/\/www.sah-krsko.si\/?page_id=1157"},"modified":"2021-07-22T12:40:38","modified_gmt":"2021-07-22T10:40:38","slug":"vidnejsi-clani","status":"publish","type":"page","link":"https:\/\/www.sah-krsko.si\/index.php\/vidnejsi-clani\/","title":{"rendered":"Vidnej\u0161i \u010dlani"},"content":{"rendered":"\n<p>Na teh straneh vam \u017eelimo predstaviti \u010dlane \u0160K Triglav Kr\u0161ko, ki so bili najbolj izpostavljeni v tekmovalnem ali trenerskem delu v na\u0161em lokalnem in\/ali svetovnem okolju. <\/p>\n\n\n\n<h3 class=\"wp-block-heading\"><em>Igralci svetovnega slovesa, ki so ali \u0161e vedno aktivno nastopajo za na\u0161 klub<\/em><\/h3>\n\n\n\n<ul class=\"wp-block-list\"><li>Predrag Nikoli\u010d &#8211; nekdanja \u0161tevilka 3 svetovne jakostne lestvice<\/li><li>Anna Muzychuk &#8211; \u0161tevilka 7 svetovne jakostne lestvice \u017eensk<\/li><li>Mariya Muzychuk &#8211; \u0161tevilka 6 svetovne jakostne lestvice \u017eensk<\/li><\/ul>\n\n\n\n<h3 class=\"wp-block-heading\"><em>Reprezentanti slovenskih selekcij na mednarodnih tekmovanjih<\/em><\/h3>\n\n\n\n<ul class=\"wp-block-list\"><li>Pia Marie Ru\u017ei\u010d &#8211; mladinske selekcije in MITROPA pokal<\/li><li>Larisa Kuhar &#8211; mladinske selekcije<\/li><li>Samo \u0160tajner &#8211; mladinske selekcije in MITROPA pokal<\/li><li>Toni Kos &#8211; MITROPA pokal<\/li><\/ul>\n\n\n\n<h3 class=\"wp-block-heading\"><em>Kategorizirani \u0161portniki po klju\u010du OKS<\/em><\/h3>\n\n\n\n<p>\u010clani na\u0161ega dru\u0161tva so izrazito aktivni na tekmovalnem parketu, nekateri tudi mednarodnem, in so si s svojimi nastopi prislu\u017eili kategorizacijo po klju\u010du Olimpijskega komiteja Slovenije (OKS). V spodnji razpredelnici navajamo trenutno kategorizirane \u0161portnike na\u0161ega dru\u0161tva (stanje 1. julij 2021):<\/p>\n\n\n\n<figure class=\"wp-block-table is-style-regular\"><table><tbody><tr><td><strong><em>Ime<\/em><\/strong><\/td><td><strong><em>Priimek<\/em><\/strong><\/td><td><strong><em>Veljavnost kategorizacije<\/em><\/strong><\/td><td><strong><em>Vrsta kategorizacije<\/em><\/strong><\/td><\/tr><tr><td>Matej<\/td><td>Po\u017eun<\/td><td>30.09.2021<\/td><td>MLADINSKI RAZRED<\/td><\/tr><tr><td>Ana<\/td><td>Urban\u010d<\/td><td>30.09.2021<\/td><td>MLADINSKI RAZRED<\/td><\/tr><tr><td>Larisa<\/td><td>Kuhar<\/td><td>31.01.2022<\/td><td>MLADINSKI RAZRED<\/td><\/tr><tr><td>Pia Marie<\/td><td>Ru\u017ei\u010d<\/td><td>31.01.2022<\/td><td>PERSPEKTIVNI RAZRED<\/td><\/tr><tr><td>Tina<\/td><td>Urban\u010d<\/td><td>31.01.2022<\/td><td>MLADINSKI RAZRED<\/td><\/tr><tr><td>Aleksander<\/td><td>Bajc<\/td><td>30.09.2021<\/td><td>MLADINSKI RAZRED<\/td><\/tr><\/tbody><\/table><figcaption>Po trenutnem klju\u010du imamo v na\u0161em \u0161ahovskem klubu 6 kategoriziranih \u010dlanov. <\/figcaption><\/figure>\n\n\n\n<h3 class=\"wp-block-heading\"><em>Trenerski kader<\/em><\/h3>\n\n\n\n<p>V \u0160ahovskem klub Triglav Kr\u0161ko delujejo \u0161tevilni strokovno usposobljeni trenerji, ki so svojo trenersko licenco dobili preko izobra\u017eevanj Olimpijskega komiteja Slovenije (OKS). Na spodnjem seznamu so vsi \u010dlani, ki imajo trenersko licenco po starem programu strokovnega usposabljanja in\/ali so v postopku pridobitve trenerske licence po novem programu:<\/p>\n\n\n\n<ul class=\"wp-block-list\"><li>\u0160tajner Samo (nova licenca)<\/li><li>Ahmatovi\u010d Mirela (nova licenca)<\/li><li>Urban\u010d Suzana (nova licenca)<\/li><li>Kova\u010devi\u010d Bla\u017eimir (hrva\u0161ka ekvivalentna licenca)<\/li><li>Ahmatovi\u010d Hilmija<\/li><li>Bo\u017ei\u010d Marjan<\/li><li>Kos Toni<\/li><li>Jure\u010di\u010d Smiljana<\/li><li>Gmajner Ivan<\/li><li>Novak Gorazd<\/li><\/ul>\n\n\n\n<h3 class=\"wp-block-heading\"><em>Top 30 \u010dlanov po ELO FIDE ratingu<\/em><\/h3>\n\n\n\n<figure id=\"ITable\" class=\"wp-block-table\"><table><thead><tr><th><\/th><th>SLO_ID<\/th><th>Ime<\/th><th>Priimek<\/th><th>Naziv\/Kat.<\/th><th>SLO<\/th><th>ELO\u25bc<\/th><th>ELO60<\/th><th>ELO5<\/th><\/tr><\/thead><tbody><tr><td>1<\/td><td>1150081<\/td><td>Predrag<\/td><td>Nikoli\u010d<\/td><td>GM<\/td><td>2635<\/td><td>2558<\/td><td>2658<\/td><td>2550<\/td><\/tr><tr><td>2<\/td><td>1150140<\/td><td>Mariya<\/td><td>Muzychuk<\/td><td>GM<\/td><td>2339<\/td><td>2550<\/td><td>2506<\/td><td>2326<\/td><\/tr><tr><td>3<\/td><td>1150135<\/td><td>Anna<\/td><td>Muzychuk<\/td><td>GM<\/td><td>2388<\/td><td>2527<\/td><td>2533<\/td><td>2505<\/td><\/tr><tr><td>4<\/td><td>1150055<\/td><td>Goran<\/td><td>Dizdar<\/td><td>GM<\/td><td>2502<\/td><td>2483<\/td><td><\/td><td><\/td><\/tr><tr><td>5<\/td><td>1010002<\/td><td>Dra\u017een<\/td><td>Sermek<\/td><td>GM<\/td><td>2536<\/td><td>2471<\/td><td><\/td><td><\/td><\/tr><tr><td>6<\/td><td>1150074<\/td><td>Bla\u017eimir<\/td><td>Kova\u010devi\u010d<\/td><td>GM<\/td><td>2425<\/td><td>2391<\/td><td>2481<\/td><td>2386<\/td><\/tr><tr><td>7<\/td><td>1110130<\/td><td>Samo<\/td><td>\u0160tajner<\/td><td>FM<\/td><td>2380<\/td><td>2354<\/td><td>2306<\/td><td>2261<\/td><\/tr><tr><td>8<\/td><td>1150056<\/td><td>Dinko<\/td><td>Brumen<\/td><td>IM<\/td><td>2309<\/td><td>2329<\/td><td>2321<\/td><td>2322<\/td><\/tr><tr><td>9<\/td><td>1110008<\/td><td>Toni<\/td><td>Kos<\/td><td>IM<\/td><td>2282<\/td><td>2301<\/td><td>2287<\/td><td><\/td><\/tr><tr><td>10<\/td><td>1158577<\/td><td>Miljenko<\/td><td>Muha<\/td><td>FM<\/td><td>2150<\/td><td>2290<\/td><td>2098<\/td><td>2178<\/td><\/tr><tr><td>11<\/td><td>1010528<\/td><td>Jan<\/td><td>Gomba\u010d<\/td><td>FM<\/td><td>2304<\/td><td>2289<\/td><td>2252<\/td><td>2256<\/td><\/tr><tr><td>12<\/td><td>1030035<\/td><td>Igor<\/td><td>\u0160itnik<\/td><td>M<\/td><td>2175<\/td><td>2243<\/td><td><\/td><td><\/td><\/tr><tr><td>13<\/td><td>1050088<\/td><td>Jana<\/td><td>Krivec<\/td><td>wGM<\/td><td>2222<\/td><td>2227<\/td><td>2179<\/td><td>2053<\/td><\/tr><tr><td>14<\/td><td>1061010<\/td><td>Peter<\/td><td>Urban\u010d<\/td><td>FM<\/td><td>2294<\/td><td>2207<\/td><td>2149<\/td><td>2215<\/td><\/tr><tr><td>15<\/td><td>1150122<\/td><td>Svetlana<\/td><td>Prudnikova<\/td><td>wGM<\/td><td>2422<\/td><td>2192<\/td><td>2117<\/td><td><\/td><\/tr><tr><td>16<\/td><td>1110043<\/td><td>Gorazd<\/td><td>Novak<\/td><td>MK<\/td><td>2317<\/td><td>2175<\/td><td>2296<\/td><td>2246<\/td><\/tr><tr><td>17<\/td><td>1061680<\/td><td>Matej<\/td><td>Po\u017eun<\/td><td>MK<\/td><td>2042<\/td><td>2158<\/td><td>1850<\/td><td>1823<\/td><\/tr><tr><td>18<\/td><td>1158260<\/td><td>Milan<\/td><td>Brigljevi\u010d<\/td><td>FM<\/td><td>2255<\/td><td>2155<\/td><td>2212<\/td><td>2121<\/td><\/tr><tr><td>19<\/td><td>1062405<\/td><td>Larisa<\/td><td>Kuhar<\/td><td>wFM<\/td><td>2102<\/td><td>2059<\/td><td>1746<\/td><td>1649<\/td><\/tr><tr><td>20<\/td><td>1110010<\/td><td>Marjan<\/td><td>Bo\u017ei\u010d<\/td><td>MK<\/td><td>2139<\/td><td>2041<\/td><td>2072<\/td><td>2127<\/td><\/tr><tr><td>21<\/td><td>1110033<\/td><td>Andrej<\/td><td>Cerjak<\/td><td>I<\/td><td>2089<\/td><td>2040<\/td><td><\/td><td><\/td><\/tr><tr><td>22<\/td><td>1110587<\/td><td>Nata\u0161a<\/td><td>Bu\u010dar<\/td><td>wMK<\/td><td>2031<\/td><td>1966<\/td><td>1853<\/td><td>1943<\/td><\/tr><tr><td>23<\/td><td>1110014<\/td><td>Toma\u017e<\/td><td>\u017dnider\u0161i\u010d<\/td><td>I<\/td><td>1958<\/td><td>1951<\/td><td><\/td><td><\/td><\/tr><tr><td>24<\/td><td>1110074<\/td><td>Mirela<\/td><td>Ahmatovi\u010d<\/td><td>wMK<\/td><td>1951<\/td><td>1941<\/td><td>1934<\/td><td>1816<\/td><\/tr><tr><td>25<\/td><td>1111176<\/td><td>Pia Marie<\/td><td>Ru\u017ei\u010d<\/td><td>wMK<\/td><td>2046<\/td><td>1932<\/td><td>1865<\/td><td>1782<\/td><\/tr><tr><td>26<\/td><td>1110788<\/td><td>David<\/td><td>Maksl<\/td><td>II<\/td><td>2043<\/td><td>1888<\/td><td>1916<\/td><td><\/td><\/tr><tr><td>27<\/td><td>1061614<\/td><td>Ana<\/td><td>Urban\u010d<\/td><td>wI<\/td><td>2043<\/td><td>1879<\/td><td>1715<\/td><td>1722<\/td><\/tr><tr><td>28<\/td><td>1111051<\/td><td>Aleksander<\/td><td>Bajc<\/td><td>I<\/td><td>2011<\/td><td>1866<\/td><td>1778<\/td><td>1637<\/td><\/tr><tr><td>29<\/td><td>1110009<\/td><td>Hilmija<\/td><td>Ahmatovi\u010d<\/td><td>I<\/td><td>1944<\/td><td>1847<\/td><td>1933<\/td><td>1944<\/td><\/tr><tr><td>30<\/td><td>1110011<\/td><td>Ivan<\/td><td>Gmajner<\/td><td>I<\/td><td>1963<\/td><td>1847<\/td><td>1729<\/td><td><\/td><\/tr><\/tbody><\/table><figcaption>Najbolj\u0161ih 30 \u010dlanov po ELO FIDE Standardnem ratingu na slovenski rating listi. (stanje julij 2021)<\/figcaption><\/figure>\n\n\n\n<p><\/p>\n","protected":false},"excerpt":{"rendered":"<p>Na teh straneh vam \u017eelimo predstaviti \u010dlane \u0160K Triglav Kr\u0161ko, ki so bili najbolj izpostavljeni v tekmovalnem ali trenerskem delu v na\u0161em lokalnem in\/ali svetovnem okolju. Igralci svetovnega slovesa, ki so ali \u0161e vedno aktivno nastopajo za na\u0161 klub Predrag Nikoli\u010d &#8211; nekdanja \u0161tevilka 3 svetovne jakostne lestvice Anna Muzychuk&#8230;<\/p>\n","protected":false},"author":1,"featured_media":0,"parent":0,"menu_order":0,"comment_status":"closed","ping_status":"closed","template":"","meta":{"footnotes":""},"class_list":["post-1157","page","type-page","status-publish","hentry"],"aioseo_notices":[],"_links":{"self":[{"href":"https:\/\/www.sah-krsko.si\/index.php\/wp-json\/wp\/v2\/pages\/1157","targetHints":{"allow":["GET"]}}],"collection":[{"href":"https:\/\/www.sah-krsko.si\/index.php\/wp-json\/wp\/v2\/pages"}],"about":[{"href":"https:\/\/www.sah-krsko.si\/index.php\/wp-json\/wp\/v2\/types\/page"}],"author":[{"embeddable":true,"href":"https:\/\/www.sah-krsko.si\/index.php\/wp-json\/wp\/v2\/users\/1"}],"replies":[{"embeddable":true,"href":"https:\/\/www.sah-krsko.si\/index.php\/wp-json\/wp\/v2\/comments?post=1157"}],"version-history":[{"count":10,"href":"https:\/\/www.sah-krsko.si\/index.php\/wp-json\/wp\/v2\/pages\/1157\/revisions"}],"predecessor-version":[{"id":1192,"href":"https:\/\/www.sah-krsko.si\/index.php\/wp-json\/wp\/v2\/pages\/1157\/revisions\/1192"}],"wp:attachment":[{"href":"https:\/\/www.sah-krsko.si\/index.php\/wp-json\/wp\/v2\/media?parent=1157"}],"curies":[{"name":"wp","href":"https:\/\/api.w.org\/{rel}","templated":true}]}}