{"id":1141,"date":"2021-07-21T20:58:35","date_gmt":"2021-07-21T18:58:35","guid":{"rendered":"http:\/\/www.sah-krsko.si\/?page_id=1141"},"modified":"2021-07-22T10:09:00","modified_gmt":"2021-07-22T08:09:00","slug":"nasi-najboljsi-mladinci","status":"publish","type":"page","link":"https:\/\/www.sah-krsko.si\/index.php\/nasi-najboljsi-mladinci\/","title":{"rendered":"Na\u0161i najbolj\u0161i mladinci"},"content":{"rendered":"\n<p>Na tej podstrani bi vam \u017eeleli predstaviti na\u0161e najbolj\u0161e mladince. Na dnu strani pa lahko najdete <a href=\"#top30\" title=\"#top30\">top 30 seznam<\/a> mladincev na\u0161ega kluba.<\/p>\n\n\n\n<h2 class=\"wp-block-heading\">Pia Marie Ru\u017ei\u010d &#8211; Dr\u017eavna vice-prvakinja 2021<\/h2>\n\n\n\n<figure class=\"wp-block-image size-full is-resized\"><a href=\"http:\/\/www.sah-krsko.si\/wp-content\/uploads\/2019\/12\/pia_marie_2.jpg\"><img loading=\"lazy\" decoding=\"async\" src=\"http:\/\/www.sah-krsko.si\/wp-content\/uploads\/2019\/12\/pia_marie_2.jpg\" alt=\"\" class=\"wp-image-1008\" width=\"315\" height=\"399\" srcset=\"https:\/\/www.sah-krsko.si\/wp-content\/uploads\/2019\/12\/pia_marie_2.jpg 350w, https:\/\/www.sah-krsko.si\/wp-content\/uploads\/2019\/12\/pia_marie_2-237x300.jpg 237w\" sizes=\"auto, (max-width: 315px) 100vw, 315px\" \/><\/a><\/figure>\n\n\n\n<p><\/p>\n\n\n\n<h2 class=\"wp-block-heading\">Larisa Kuhar &#8211; ve\u010dkratna dr\u017eavna prvakinja<\/h2>\n\n\n\n<figure class=\"wp-block-image size-full is-resized\"><a href=\"http:\/\/www.sah-krsko.si\/wp-content\/uploads\/2019\/08\/LK_EYCC_Bratislava_2019.jpg\"><img loading=\"lazy\" decoding=\"async\" src=\"http:\/\/www.sah-krsko.si\/wp-content\/uploads\/2019\/08\/LK_EYCC_Bratislava_2019.jpg\" alt=\"\" class=\"wp-image-911\" width=\"315\" height=\"560\" srcset=\"https:\/\/www.sah-krsko.si\/wp-content\/uploads\/2019\/08\/LK_EYCC_Bratislava_2019.jpg 540w, https:\/\/www.sah-krsko.si\/wp-content\/uploads\/2019\/08\/LK_EYCC_Bratislava_2019-169x300.jpg 169w\" sizes=\"auto, (max-width: 315px) 100vw, 315px\" \/><\/a><\/figure>\n\n\n\n<p><\/p>\n\n\n\n<h2 class=\"wp-block-heading\">Pika Radej &#8211; 2. mesto v kategoriji D14 2021<\/h2>\n\n\n\n<figure class=\"wp-block-image size-full is-resized\"><a href=\"http:\/\/www.sah-krsko.si\/wp-content\/uploads\/2021\/07\/PikaRadej2.jpg\"><img loading=\"lazy\" decoding=\"async\" src=\"http:\/\/www.sah-krsko.si\/wp-content\/uploads\/2021\/07\/PikaRadej2.jpg\" alt=\"\" class=\"wp-image-1143\" width=\"447\" height=\"362\" srcset=\"https:\/\/www.sah-krsko.si\/wp-content\/uploads\/2021\/07\/PikaRadej2.jpg 947w, https:\/\/www.sah-krsko.si\/wp-content\/uploads\/2021\/07\/PikaRadej2-300x243.jpg 300w, https:\/\/www.sah-krsko.si\/wp-content\/uploads\/2021\/07\/PikaRadej2-768x623.jpg 768w\" sizes=\"auto, (max-width: 447px) 100vw, 447px\" \/><\/a><\/figure>\n\n\n\n<p><\/p>\n\n\n\n<h2 class=\"wp-block-heading\">Taja Guid &#8211; 1. mesto v kategoriji D14 2021<\/h2>\n\n\n\n<figure class=\"wp-block-image size-large is-resized\"><a href=\"http:\/\/www.sah-krsko.si\/wp-content\/uploads\/2021\/07\/TajaGuid.jpg\"><img loading=\"lazy\" decoding=\"async\" src=\"http:\/\/www.sah-krsko.si\/wp-content\/uploads\/2021\/07\/TajaGuid-1024x682.jpg\" alt=\"\" class=\"wp-image-1087\" width=\"455\" height=\"302\" srcset=\"https:\/\/www.sah-krsko.si\/wp-content\/uploads\/2021\/07\/TajaGuid-1024x682.jpg 1024w, https:\/\/www.sah-krsko.si\/wp-content\/uploads\/2021\/07\/TajaGuid-300x200.jpg 300w, https:\/\/www.sah-krsko.si\/wp-content\/uploads\/2021\/07\/TajaGuid-768x512.jpg 768w, https:\/\/www.sah-krsko.si\/wp-content\/uploads\/2021\/07\/TajaGuid.jpg 1385w\" sizes=\"auto, (max-width: 455px) 100vw, 455px\" \/><\/a><\/figure>\n\n\n\n<p><\/p>\n\n\n\n<h2 class=\"wp-block-heading\">Bruno Glas &#8211; 3. mesto v kategoriji F12 2021<\/h2>\n\n\n\n<figure class=\"wp-block-image size-large is-resized\"><a href=\"http:\/\/www.sah-krsko.si\/wp-content\/uploads\/2021\/07\/BrunoGlas2.jpg\"><img loading=\"lazy\" decoding=\"async\" src=\"http:\/\/www.sah-krsko.si\/wp-content\/uploads\/2021\/07\/BrunoGlas2-1024x773.jpg\" alt=\"\" class=\"wp-image-1097\" width=\"455\" height=\"343\" srcset=\"https:\/\/www.sah-krsko.si\/wp-content\/uploads\/2021\/07\/BrunoGlas2-1024x773.jpg 1024w, https:\/\/www.sah-krsko.si\/wp-content\/uploads\/2021\/07\/BrunoGlas2-300x226.jpg 300w, https:\/\/www.sah-krsko.si\/wp-content\/uploads\/2021\/07\/BrunoGlas2-768x580.jpg 768w, https:\/\/www.sah-krsko.si\/wp-content\/uploads\/2021\/07\/BrunoGlas2.jpg 1223w\" sizes=\"auto, (max-width: 455px) 100vw, 455px\" \/><\/a><\/figure>\n\n\n\n<p><\/p>\n\n\n\n<h2 class=\"wp-block-heading\">An\u017ee Dani\u010di\u010d &#8211; 2. mesto v kategoriji F10 2021<\/h2>\n\n\n\n<figure class=\"wp-block-image size-large is-resized\"><a href=\"http:\/\/www.sah-krsko.si\/wp-content\/uploads\/2021\/07\/DanicicAnze2.jpg\"><img loading=\"lazy\" decoding=\"async\" src=\"http:\/\/www.sah-krsko.si\/wp-content\/uploads\/2021\/07\/DanicicAnze2-1024x916.jpg\" alt=\"\" class=\"wp-image-1098\" width=\"454\" height=\"406\" srcset=\"https:\/\/www.sah-krsko.si\/wp-content\/uploads\/2021\/07\/DanicicAnze2-1024x916.jpg 1024w, https:\/\/www.sah-krsko.si\/wp-content\/uploads\/2021\/07\/DanicicAnze2-300x268.jpg 300w, https:\/\/www.sah-krsko.si\/wp-content\/uploads\/2021\/07\/DanicicAnze2-768x687.jpg 768w, https:\/\/www.sah-krsko.si\/wp-content\/uploads\/2021\/07\/DanicicAnze2.jpg 1032w\" sizes=\"auto, (max-width: 454px) 100vw, 454px\" \/><\/a><\/figure>\n\n\n\n<p><\/p>\n\n\n\n<h2 class=\"wp-block-heading\">Skupinska slika z Dr\u017eavnega prvenstva 2021<\/h2>\n\n\n\n<figure class=\"wp-block-image size-full\"><a href=\"http:\/\/www.sah-krsko.si\/wp-content\/uploads\/2021\/07\/skupnaKK.jpg\"><img loading=\"lazy\" decoding=\"async\" width=\"988\" height=\"923\" src=\"http:\/\/www.sah-krsko.si\/wp-content\/uploads\/2021\/07\/skupnaKK.jpg\" alt=\"\" class=\"wp-image-1093\" srcset=\"https:\/\/www.sah-krsko.si\/wp-content\/uploads\/2021\/07\/skupnaKK.jpg 988w, https:\/\/www.sah-krsko.si\/wp-content\/uploads\/2021\/07\/skupnaKK-300x280.jpg 300w, https:\/\/www.sah-krsko.si\/wp-content\/uploads\/2021\/07\/skupnaKK-768x717.jpg 768w\" sizes=\"auto, (max-width: 988px) 100vw, 988px\" \/><\/a><figcaption>Z leve proti desni, <strong>spodaj <\/strong>trenerja Hilmija Ahmatovi\u010d in Samo \u0160tajner. <strong>Zgoraj<\/strong> Bruno Glas, An\u017ee Dani\u010di\u010d, Filip in Pika Radej, Pia Marie Ru\u017ei\u010d ter Taja Guid. Slikano na Mladinskem DP 2021 na \u010cate\u017eu <\/figcaption><\/figure>\n\n\n\n<h3 class=\"wp-block-heading\" id=\"top30\"><em>Top 30 mladincev in mladink na slovenski rating listi<\/em><\/h3>\n\n\n\n<figure id=\"ITable\" class=\"wp-block-table\"><table><thead><tr><th><\/th><th>SLO_ID<\/th><th>Ime<\/th><th>Priimek<\/th><th>Naziv\/Kat.<\/th><th>SLO<\/th><th>ELO\u25bc<\/th><th>ELO60<\/th><th>ELO5<\/th><\/tr><\/thead><tbody><tr><td>1<\/td><td>1062405<\/td><td>Larisa<\/td><td>Kuhar<\/td><td>wFM<\/td><td>2102<\/td><td>2059<\/td><td>1746<\/td><td>1649<\/td><\/tr><tr><td>2<\/td><td>1111176<\/td><td>Pia Marie<\/td><td>Ru\u017ei\u010d<\/td><td>wMK<\/td><td>2046<\/td><td>1932<\/td><td>1865<\/td><td>1782<\/td><\/tr><tr><td>3<\/td><td>1061728<\/td><td>Tina<\/td><td>Urban\u010d<\/td><td>wI<\/td><td>1989<\/td><td>1710<\/td><td>1535<\/td><td>1464<\/td><\/tr><tr><td>4<\/td><td>1062042<\/td><td>Peter<\/td><td>Kr\u017ean<\/td><td>III<\/td><td>1985<\/td><td>1604<\/td><td>1556<\/td><td><\/td><\/tr><tr><td>5<\/td><td>1016159<\/td><td>Taja<\/td><td>Guid<\/td><td>wI<\/td><td>1992<\/td><td>1597<\/td><td>1402<\/td><td>1421<\/td><\/tr><tr><td>6<\/td><td>1111269<\/td><td>Pika<\/td><td>Radej<\/td><td><\/td><td>1777<\/td><td>1364<\/td><td>1148<\/td><td>1107<\/td><\/tr><tr><td>7<\/td><td>1111330<\/td><td>Bruno<\/td><td>Glas<\/td><td>II<\/td><td>1812<\/td><td>1360<\/td><td>1254<\/td><td>1307<\/td><\/tr><tr><td>8<\/td><td>1111105<\/td><td>Alja<\/td><td>Ba\u0161kovec<\/td><td>w3<\/td><td>1790<\/td><td>1306<\/td><td>1194<\/td><td>1528<\/td><\/tr><tr><td>9<\/td><td>1111286<\/td><td>Jan<\/td><td>Kra\u0161evec<\/td><td>III<\/td><td>1856<\/td><td>1243<\/td><td>1137<\/td><td>1289<\/td><\/tr><tr><td>10<\/td><td>1061956<\/td><td>Anej<\/td><td>Kopina Bo\u017ei\u010d<\/td><td>IV<\/td><td>1700<\/td><td>1227<\/td><td>1336<\/td><td><\/td><\/tr><tr><td>11<\/td><td>1111270<\/td><td>Filip<\/td><td>Radej<\/td><td>III<\/td><td>1717<\/td><td>1180<\/td><td>1199<\/td><td>1172<\/td><\/tr><tr><td>12<\/td><td>1111304<\/td><td>Kristjan<\/td><td>Kodri\u010d Plevnik<\/td><td>III<\/td><td>1787<\/td><td>1173<\/td><td>1291<\/td><td>1480<\/td><\/tr><tr><td>13<\/td><td>1111186<\/td><td>Borut Jan<\/td><td>Ru\u017ei\u010d<\/td><td><\/td><td>1594<\/td><td>1157<\/td><td>1093<\/td><td>1006<\/td><\/tr><tr><td>14<\/td><td>1111326<\/td><td>Lamir<\/td><td>Molan<\/td><td>III<\/td><td>1556<\/td><td>1068<\/td><td><\/td><td><\/td><\/tr><tr><td>15<\/td><td>1111405<\/td><td>Nik<\/td><td>A\u0161i\u010d<\/td><td><\/td><td>1582<\/td><td>1038<\/td><td>1154<\/td><td><\/td><\/tr><tr><td>16<\/td><td>1111227<\/td><td>Filip<\/td><td>Lajkovi\u010d<\/td><td>III<\/td><td>1700<\/td><td>1035<\/td><td><\/td><td><\/td><\/tr><tr><td>17<\/td><td>1111132<\/td><td>Rok<\/td><td>Kri\u0161tof<\/td><td><\/td><td>1720<\/td><td><\/td><td><\/td><td><\/td><\/tr><tr><td>18<\/td><td>1111289<\/td><td>Tijan<\/td><td>Zorko<\/td><td><\/td><td>1713<\/td><td><\/td><td><\/td><td><\/td><\/tr><tr><td>19<\/td><td>1111110<\/td><td>Lana<\/td><td>Radej<\/td><td>w3<\/td><td>1712<\/td><td><\/td><td><\/td><td><\/td><\/tr><tr><td>20<\/td><td>1062239<\/td><td>\u017dan<\/td><td>\u0160e\u0161et<\/td><td><\/td><td>1689<\/td><td><\/td><td><\/td><td><\/td><\/tr><tr><td>21<\/td><td>1111204<\/td><td>Kevin<\/td><td>Kr\u017ei\u010dnik<\/td><td><\/td><td>1672<\/td><td><\/td><td><\/td><td><\/td><\/tr><tr><td>22<\/td><td>1111085<\/td><td>Tilen<\/td><td>Kunej<\/td><td><\/td><td>1662<\/td><td><\/td><td><\/td><td><\/td><\/tr><tr><td>23<\/td><td>1111172<\/td><td>Nik<\/td><td>Mlakar Metelko<\/td><td><\/td><td>1661<\/td><td><\/td><td><\/td><td><\/td><\/tr><tr><td>24<\/td><td>1111125<\/td><td>Tim<\/td><td>Vene<\/td><td><\/td><td>1655<\/td><td><\/td><td><\/td><td><\/td><\/tr><tr><td>25<\/td><td>1111169<\/td><td>Ga\u0161per<\/td><td>Ru\u017ei\u010d<\/td><td>IV<\/td><td>1635<\/td><td><\/td><td><\/td><td><\/td><\/tr><tr><td>26<\/td><td>1111168<\/td><td>Jan<\/td><td>Kuselj<\/td><td>IV<\/td><td>1631<\/td><td><\/td><td><\/td><td><\/td><\/tr><tr><td>27<\/td><td>1062015<\/td><td>Andra\u017e<\/td><td>Vene<\/td><td><\/td><td>1627<\/td><td><\/td><td><\/td><td><\/td><\/tr><tr><td>28<\/td><td>1111271<\/td><td>An\u017ee<\/td><td>Buda\u010dki<\/td><td><\/td><td>1626<\/td><td><\/td><td><\/td><td><\/td><\/tr><tr><td>29<\/td><td>1111067<\/td><td>Matija<\/td><td>Preskar<\/td><td>IV<\/td><td>1604<\/td><td><\/td><td><\/td><td><\/td><\/tr><tr><td>30<\/td><td>1111332<\/td><td>Gal Gabriel<\/td><td>Mavrek<\/td><td><\/td><td>1600<\/td><td><\/td><td><\/td><td><\/td><\/tr><\/tbody><\/table><figcaption>Najbolj\u0161ih 30 mladincev po ELO FIDE Standardnem \/ SLO ratingu na slovenski rating listi. (stanje julij 2021)<\/figcaption><\/figure>\n\n\n\n<p><\/p>\n","protected":false},"excerpt":{"rendered":"<p>Na tej podstrani bi vam \u017eeleli predstaviti na\u0161e najbolj\u0161e mladince. Na dnu strani pa lahko najdete top 30 seznam mladincev na\u0161ega kluba. Pia Marie Ru\u017ei\u010d &#8211; Dr\u017eavna vice-prvakinja 2021 Larisa Kuhar &#8211; ve\u010dkratna dr\u017eavna prvakinja Pika Radej &#8211; 2. mesto v kategoriji D14 2021 Taja Guid &#8211; 1. mesto v&#8230;<\/p>\n","protected":false},"author":1,"featured_media":0,"parent":0,"menu_order":0,"comment_status":"closed","ping_status":"closed","template":"","meta":{"footnotes":""},"class_list":["post-1141","page","type-page","status-publish","hentry"],"aioseo_notices":[],"_links":{"self":[{"href":"https:\/\/www.sah-krsko.si\/index.php\/wp-json\/wp\/v2\/pages\/1141","targetHints":{"allow":["GET"]}}],"collection":[{"href":"https:\/\/www.sah-krsko.si\/index.php\/wp-json\/wp\/v2\/pages"}],"about":[{"href":"https:\/\/www.sah-krsko.si\/index.php\/wp-json\/wp\/v2\/types\/page"}],"author":[{"embeddable":true,"href":"https:\/\/www.sah-krsko.si\/index.php\/wp-json\/wp\/v2\/users\/1"}],"replies":[{"embeddable":true,"href":"https:\/\/www.sah-krsko.si\/index.php\/wp-json\/wp\/v2\/comments?post=1141"}],"version-history":[{"count":7,"href":"https:\/\/www.sah-krsko.si\/index.php\/wp-json\/wp\/v2\/pages\/1141\/revisions"}],"predecessor-version":[{"id":1191,"href":"https:\/\/www.sah-krsko.si\/index.php\/wp-json\/wp\/v2\/pages\/1141\/revisions\/1191"}],"wp:attachment":[{"href":"https:\/\/www.sah-krsko.si\/index.php\/wp-json\/wp\/v2\/media?parent=1141"}],"curies":[{"name":"wp","href":"https:\/\/api.w.org\/{rel}","templated":true}]}}