{"id":1133,"date":"2021-07-21T20:29:15","date_gmt":"2021-07-21T18:29:15","guid":{"rendered":"http:\/\/www.sah-krsko.si\/?page_id=1133"},"modified":"2021-08-05T22:10:54","modified_gmt":"2021-08-05T20:10:54","slug":"ciklusi-2021-preglednice","status":"publish","type":"page","link":"https:\/\/www.sah-krsko.si\/index.php\/ciklusi-2021-preglednice\/","title":{"rendered":"Ciklusi 2021 &#8211; Preglednice"},"content":{"rendered":"\n<h2 class=\"wp-block-heading\">Mladinski ciklus 2021<\/h2>\n\n\n\n<figure class=\"wp-block-table\"><table><tbody><tr><td>#<\/td><td>IGRALEC<\/td><td>LICHESS<\/td><td>1. turnir<\/td><td>2. turnir<\/td><td>3. turnir<\/td><td>4. turnir<\/td><td>5. turnir<\/td><td>1. turnir<\/td><td>2. turnir<\/td><td>3. turnir<\/td><td>4. turnir<\/td><\/tr><tr><td><\/td><td><\/td><td><\/td><td>16.6.2021<\/td><td>14.7.2021<\/td><td>21.7.2021<\/td><td>18.8.2021<\/td><td>23.8.2021<\/td><td><\/td><td><\/td><td><\/td><td><\/td><\/tr><tr><td>1<\/td><td>Filip Radej<\/td><td>TheFoxer<\/td><td>20<\/td><td>20<\/td><td>20<\/td><td><\/td><td><\/td><td><\/td><td><\/td><td><\/td><td><\/td><\/tr><tr><td>2<\/td><td>Kristjan Kodri\u010d Plevnik<\/td><td>kristjan2008<\/td><td>6<\/td><td>15<\/td><td>8<\/td><td><\/td><td><\/td><td><\/td><td><\/td><td><\/td><td><\/td><\/tr><tr><td>3<\/td><td>Bruno Glas<\/td><td>brunoslo<\/td><td>8<\/td><td><\/td><td>15<\/td><td><\/td><td><\/td><td><\/td><td><\/td><td><\/td><td><\/td><\/tr><tr><td>4<\/td><td>Pika Radej<\/td><td>pika2019<\/td><td>10<\/td><td><\/td><td>10<\/td><td><\/td><td><\/td><td><\/td><td><\/td><td><\/td><td><\/td><\/tr><tr><td>5<\/td><td>Taja Guid<\/td><td>taya8<\/td><td>15<\/td><td><\/td><td><\/td><td><\/td><td><\/td><td><\/td><td><\/td><td><\/td><td><\/td><\/tr><tr><td>6<\/td><td>Borut Jan Ru\u017ei\u010d<\/td><td>Borutjan<\/td><td>5<\/td><td><\/td><td><\/td><td><\/td><td><\/td><td><\/td><td><\/td><td><\/td><td><\/td><\/tr><\/tbody><\/table><figcaption>Stanje na mladinskem ciklu. Najbolj\u0161i trije spletni in najbolj\u0161i trije turnirju v \u017eivo \u0161tejejo za kon\u010dno stanje.<\/figcaption><\/figure>\n\n\n\n<h2 class=\"wp-block-heading\">\u010clanski ciklus 2021 <\/h2>\n\n\n\n<figure class=\"wp-block-table\"><table><tbody><tr><td><\/td><td><\/td><td><\/td><td>18.6.2021<\/td><td>16.7.2021<\/td><td>23.7.2021<\/td><td>20.8.2021<\/td><td>25.8.2021<\/td><td><\/td><td><\/td><td><\/td><td><\/td><\/tr><tr><td>1<\/td><td>Samo \u0160tajner<\/td><td>LynxLike<\/td><td>20<\/td><td>20<\/td><td>10<\/td><td><\/td><td><\/td><td><\/td><td><\/td><td><\/td><td><\/td><\/tr><tr><td>2<\/td><td>Suzana Urban\u010d<\/td><td>SuzanaU<\/td><td>15<\/td><td><\/td><td>8<\/td><td><\/td><td><\/td><td><\/td><td><\/td><td><\/td><td><\/td><\/tr><tr><td>3<\/td><td>&#8211;<\/td><td><a href=\"https:\/\/lichess.org\/@\/TZ473hduOU6SHUhdZ\">TZ473hduOU6SHUhdZ<\/a><\/td><td><\/td><td><\/td><td>20<\/td><td><\/td><td><\/td><td><\/td><td><\/td><td><\/td><td><\/td><\/tr><tr><td>4<\/td><td>Kristjan Kodri\u010d Plevnik<\/td><td>kristjan2008<\/td><td><\/td><td>10<\/td><td>6<\/td><td><\/td><td><\/td><td><\/td><td><\/td><td><\/td><td><\/td><\/tr><tr><td>5<\/td><td>Matej Po\u017eun<\/td><td>MP99<\/td><td><\/td><td>15<\/td><td><\/td><td><\/td><td><\/td><td><\/td><td><\/td><td><\/td><td><\/td><\/tr><tr><td><\/td><td>Filip Radej<\/td><td>TheFoxer<\/td><td><\/td><td><\/td><td>15<\/td><td><\/td><td><\/td><td><\/td><td><\/td><td><\/td><td><\/td><\/tr><tr><td>6<\/td><td>Viljem Plevnik<\/td><td>Viljem7772<\/td><td><\/td><td>8<\/td><td><\/td><td><\/td><td><\/td><td><\/td><td><\/td><td><\/td><td><\/td><\/tr><\/tbody><\/table><figcaption> Stanje na \u010dlanskem ciklu. Najbolj\u0161i trije spletni in najbolj\u0161i trije turnirju v \u017eivo \u0161tejejo za kon\u010dno stanje. <\/figcaption><\/figure>\n\n\n\n<figure class=\"wp-block-image size-full\"><a href=\"http:\/\/www.sah-krsko.si\/wp-content\/uploads\/2020\/10\/elmont-logo-20let.png\"><img loading=\"lazy\" decoding=\"async\" width=\"251\" height=\"66\" src=\"http:\/\/www.sah-krsko.si\/wp-content\/uploads\/2020\/10\/elmont-logo-20let.png\" alt=\"\" class=\"wp-image-1061\"\/><\/a><figcaption>Sponzor na\u0161ih mladinskih selekcij &#8211; najlep\u0161a hvala za vso podporo!<\/figcaption><\/figure>\n","protected":false},"excerpt":{"rendered":"<p>Mladinski ciklus 2021 # IGRALEC LICHESS 1. turnir 2. turnir 3. turnir 4. turnir 5. turnir 1. turnir 2. turnir 3. turnir 4. turnir 16.6.2021 14.7.2021 21.7.2021 18.8.2021 23.8.2021 1 Filip Radej TheFoxer 20 20 20 2 Kristjan Kodri\u010d Plevnik kristjan2008 6 15 8 3 Bruno Glas brunoslo 8 15&#8230;<\/p>\n","protected":false},"author":1,"featured_media":0,"parent":0,"menu_order":0,"comment_status":"closed","ping_status":"closed","template":"","meta":{"footnotes":""},"class_list":["post-1133","page","type-page","status-publish","hentry"],"aioseo_notices":[],"_links":{"self":[{"href":"https:\/\/www.sah-krsko.si\/index.php\/wp-json\/wp\/v2\/pages\/1133","targetHints":{"allow":["GET"]}}],"collection":[{"href":"https:\/\/www.sah-krsko.si\/index.php\/wp-json\/wp\/v2\/pages"}],"about":[{"href":"https:\/\/www.sah-krsko.si\/index.php\/wp-json\/wp\/v2\/types\/page"}],"author":[{"embeddable":true,"href":"https:\/\/www.sah-krsko.si\/index.php\/wp-json\/wp\/v2\/users\/1"}],"replies":[{"embeddable":true,"href":"https:\/\/www.sah-krsko.si\/index.php\/wp-json\/wp\/v2\/comments?post=1133"}],"version-history":[{"count":4,"href":"https:\/\/www.sah-krsko.si\/index.php\/wp-json\/wp\/v2\/pages\/1133\/revisions"}],"predecessor-version":[{"id":1244,"href":"https:\/\/www.sah-krsko.si\/index.php\/wp-json\/wp\/v2\/pages\/1133\/revisions\/1244"}],"wp:attachment":[{"href":"https:\/\/www.sah-krsko.si\/index.php\/wp-json\/wp\/v2\/media?parent=1133"}],"curies":[{"name":"wp","href":"https:\/\/api.w.org\/{rel}","templated":true}]}}