{"id":1117,"date":"2021-07-21T19:59:07","date_gmt":"2021-07-21T17:59:07","guid":{"rendered":"http:\/\/www.sah-krsko.si\/?page_id=1117"},"modified":"2021-08-17T22:30:08","modified_gmt":"2021-08-17T20:30:08","slug":"klubski-turnirji","status":"publish","type":"page","link":"https:\/\/www.sah-krsko.si\/index.php\/klubski-turnirji\/","title":{"rendered":"Klubski turnirji"},"content":{"rendered":"\n<blockquote class=\"wp-block-quote is-layout-flow wp-block-quote-is-layout-flow\"><p>V letu 2021 bomo zaradi epidemiolo\u0161kih razmer izvedli ciklus spletnih turnirjev, v jesenskem delu pa \u0161e ciklus turnirjev v \u017eivo s predvidenim finalnim turnirjem v decembru. Z obzirom na nepredvidljive epidemiolo\u0161ke razmere so mo\u017ene spremembe, o njih boste sprotno obve\u0161\u010deni na tej podstrani in preko mailing liste.<\/p><\/blockquote>\n\n\n\n<h2 class=\"wp-block-heading\"><strong>Cikel turnirjev za leto 2021<\/strong><\/h2>\n\n\n\n<p><strong><em>\u0160ahovski klub Triglav Kr\u0161ko<\/em><\/strong> bo v leto\u0161njem koledarskem letu organiziral mladinski in \u010dlanski<br>cikel turnirjev, ki ga bodo sestavljali:<\/p>\n\n\n\n<p><strong><em>Mladinski ciklus (U20)<\/em><\/strong> &#8211; <a href=\"http:\/\/www.sah-krsko.si\/index.php\/ciklusi-2021-preglednice\/\" title=\"Ciklusi 2021 \u2013 Preglednice\"><em>stanje<\/em><\/a><strong><em><br><\/em><\/strong>\u2022 5 spletnih turnirjev<br>\u2022 4 turnirji v \u017eivo<br>\u2022 zaklju\u010dni turnir<\/p>\n\n\n\n<p><strong><em>\u010clanski ciklus (odprto)<\/em><\/strong> &#8211; <em><a href=\"http:\/\/www.sah-krsko.si\/index.php\/ciklusi-2021-preglednice\/\" title=\"Ciklusi 2021 \u2013 Preglednice\">stanje<\/a><\/em><br>\u2022 5 spletnih turnirjev<br>\u2022 4 turnirji v \u017eivo<br>\u2022 zaklju\u010dni turnir<\/p>\n\n\n\n<p>Udele\u017eba na vseh turnirjih je <strong><em>odprta vsem ljubiteljem \u0161aha<\/em><\/strong>, na klubski spletni strani pa bomo vodili<br>skupno razvrstitev. Za \u010dlane kluba se bo vodila \u0161e lo\u010dena klubska razvrstitev, na podlagi katere<br>bodo najbolj\u0161i \u010dlani povabljeni na zaklju\u010dni turnir, kjer se bo igralo za naslov mladinskega in<br>absolutnega prvaka \u0160K Triglav Kr\u0161ko za leto 2021.<\/p>\n\n\n\n<p>Spletni turnirji se bodo igrali na platformi<strong> lichess<\/strong>, kjer se je potrebno priklju\u010diti ekipi <strong>\u00bb\u0160ahovsko<br>dru\u0161tvo Posavje\u00ab<\/strong> (<a href=\"https:\/\/lichess.org\/team\/sahovsko-drustvo-posavje\">https:\/\/lichess.org\/team\/sahovsko-drustvo-posavje<\/a>). Na omenjeni strani dru\u0161tva<br>na platformi lichess bodo objavljeni prihajajo\u010di turnirji, kjer se lahko na turnir tudi prijavite.<\/p>\n\n\n\n<h3 class=\"wp-block-heading\">I. Termini igranja<\/h3>\n\n\n\n<p>Termini igranja bodo venomer potrjeni vsaj 2 tedna pred pri\u010detkom turnirja, okvirni datumi<br>terminov pa so naslednji:<\/p>\n\n\n\n<p><strong><em>Mladinski ciklus (igrano ob sredah)<br><\/em><\/strong>\u2022 1. spletni turnir, 16.6.2021 ob 19:00 (<a href=\"https:\/\/lichess.org\/swiss\/iIwNyGbl\">https:\/\/lichess.org\/swiss\/iIwNyGbl<\/a>)<br>\u2022 2. spletni turnir, 14.7.2021 ob 19:00 (<a href=\"https:\/\/lichess.org\/swiss\/SgLi2z7j\">https:\/\/lichess.org\/swiss\/SgLi2z7j<\/a>)<br>\u2022 3. spletni turnir, 21.7.2021 ob 19:00 (<a href=\"https:\/\/lichess.org\/swiss\/ul0R3wC3\">https:\/\/lichess.org\/swiss\/ul0R3wC3<\/a>)<br>\u2022 4. spletni turnir, 18.8.2021 ob 19:00 (<a href=\"https:\/\/lichess.org\/swiss\/u7nlAKQZ\">https:\/\/lichess.org\/swiss\/u7nlAKQZ<\/a>)<br>\u2022 5. spletni turnir, 23.8.2021 ob 19:00<br>\u2022 1. turnir, september<br>\u2022 2. turnir, oktober<br>\u2022 3. turnir, november<br>\u2022 4. turnir, december<br>\u2022 Zaklju\u010dni turnir, december<\/p>\n\n\n\n<p><strong>\u010clanski ciklus (igrano ob petkih)<\/strong><br>\u2022 1. spletni turnir, 18.6.2021 ob 19:00 (<a href=\"https:\/\/lichess.org\/swiss\/3idhu8EK\">https:\/\/lichess.org\/swiss\/3idhu8EK<\/a>)<br>\u2022 2. spletni turnir, 16.7.2021 ob 19:00 (<a href=\"https:\/\/lichess.org\/swiss\/F1lpzd6r\">https:\/\/lichess.org\/swiss\/F1lpzd6r<\/a>)<br>\u2022 3. spletni turnir, 23.7.2021 ob 19:00 (<a href=\"https:\/\/lichess.org\/swiss\/DNxYW6c3\">https:\/\/lichess.org\/swiss\/DNxYW6c3<\/a>)<br>\u2022 4. spletni turnir, 20.8.2021 ob 19:00 (<a href=\"https:\/\/lichess.org\/swiss\/4lbGJDCZ\">https:\/\/lichess.org\/swiss\/4lbGJDCZ<\/a>)<br>\u2022 5. spletni turnir, 25.8.2021 ob 19:00<br>\u2022 1. turnir, september<br>\u2022 2. turnir, oktober<br>\u2022 3. turnir, november<br>\u2022 4. turnir, december<br>\u2022 Zaklju\u010dni turnir, december<\/p>\n\n\n\n<h3 class=\"wp-block-heading\">II. Sistem igranja ter to\u010dkovanje<\/h3>\n\n\n\n<p>Vsi turnirji se bodo igrali na tempo <strong>7 minut + 3 sekunde\/potezo<\/strong>. Zaklju\u010dna turnirja bosta prav tako<br>potekala v \u017eivo in se bosta igrala na 10 minut + 5 sekund\/potezo ter bosta ratingirana za pospe\u0161eni<br>FIDE rating.<\/p>\n\n\n\n<p>Za skupno razvrstitev bodo \u0161teli <strong><em>najbolj\u0161i 3 spletni turnirji in najbolj\u0161i 3 turnirji v \u017eivo<\/em><\/strong> vsakega<br>posameznika. Uvrstitev se bo to\u010dkovala po naslednjem klju\u010du:<\/p>\n\n\n\n<ol class=\"wp-block-list\"><li>mesto 20 to\u010dk<\/li><li>mesto 15 to\u010dk<\/li><li>mesto 10 to\u010dk<\/li><li>mesto 8 to\u010dk<\/li><li>mesto 6 to\u010dk<\/li><li>mesto 5 to\u010dk<\/li><li>mesto 4 to\u010dk<\/li><li>mesto 3 to\u010dke<\/li><li>mesto 2 to\u010dki in<\/li><li>mesto 1 to\u010dka.<\/li><\/ol>\n\n\n\n<p><em>Spletni turnirji se igrajo po \u0160vicar sistemu platforme lichess z avtomati\u010dnim sestavljanjem parov.<br>Turnirji v \u017eivo se vodijo s \u0161ahovskima programoma Win\u0160vicar ali SwissManager.<\/em><\/p>\n\n\n\n<h3 class=\"wp-block-heading\">III. Prijava na turnir<\/h3>\n\n\n\n<p>Vsi turnirji so odprti in brez prijavnine, z omejitvijo, da morajo biti za mladinske turnirje igralci<br>rojeni leta 2001 ali kasneje. Starosti tekmovalcev na spletnih turnirjih, ki se ne bodo overili ne<br>bomo preverjali in ne bodo \u0161teli za skupno razvrstitev. Turnirji se igrajo brez prijavnine in brez<br>nagradnih skladov. Zaklju\u010dna turnirja bosta imela nagradni sklad v kolikor dobimo primerna<br>namenska sredstva od sponzorjev<\/p>\n\n\n\n<p><em>Za dodatne informacije pi\u0161ite na info@sah-krsko.si<\/em><\/p>\n","protected":false},"excerpt":{"rendered":"<p>V letu 2021 bomo zaradi epidemiolo\u0161kih razmer izvedli ciklus spletnih turnirjev, v jesenskem delu pa \u0161e ciklus turnirjev v \u017eivo s predvidenim finalnim turnirjem v decembru. Z obzirom na nepredvidljive epidemiolo\u0161ke razmere so mo\u017ene spremembe, o njih boste sprotno obve\u0161\u010deni na tej podstrani in preko mailing liste. Cikel turnirjev za&#8230;<\/p>\n","protected":false},"author":1,"featured_media":0,"parent":0,"menu_order":0,"comment_status":"closed","ping_status":"closed","template":"","meta":{"footnotes":""},"class_list":["post-1117","page","type-page","status-publish","hentry"],"aioseo_notices":[],"_links":{"self":[{"href":"https:\/\/www.sah-krsko.si\/index.php\/wp-json\/wp\/v2\/pages\/1117","targetHints":{"allow":["GET"]}}],"collection":[{"href":"https:\/\/www.sah-krsko.si\/index.php\/wp-json\/wp\/v2\/pages"}],"about":[{"href":"https:\/\/www.sah-krsko.si\/index.php\/wp-json\/wp\/v2\/types\/page"}],"author":[{"embeddable":true,"href":"https:\/\/www.sah-krsko.si\/index.php\/wp-json\/wp\/v2\/users\/1"}],"replies":[{"embeddable":true,"href":"https:\/\/www.sah-krsko.si\/index.php\/wp-json\/wp\/v2\/comments?post=1117"}],"version-history":[{"count":7,"href":"https:\/\/www.sah-krsko.si\/index.php\/wp-json\/wp\/v2\/pages\/1117\/revisions"}],"predecessor-version":[{"id":1257,"href":"https:\/\/www.sah-krsko.si\/index.php\/wp-json\/wp\/v2\/pages\/1117\/revisions\/1257"}],"wp:attachment":[{"href":"https:\/\/www.sah-krsko.si\/index.php\/wp-json\/wp\/v2\/media?parent=1117"}],"curies":[{"name":"wp","href":"https:\/\/api.w.org\/{rel}","templated":true}]}}